{"id":2010,"date":"2023-12-12T19:33:39","date_gmt":"2023-12-12T17:33:39","guid":{"rendered":"https:\/\/fitstraffic.com\/?page_id=2010"},"modified":"2026-02-02T16:54:04","modified_gmt":"2026-02-02T14:54:04","slug":"events","status":"publish","type":"page","link":"https:\/\/fitstraffic.com\/de\/events\/","title":{"rendered":"Veranstaltungen"},"content":{"rendered":"<div data-elementor-type=\"wp-page\" data-elementor-id=\"2010\" class=\"elementor elementor-2010\" data-elementor-post-type=\"page\">\n\t\t\t\t<div class=\"elementor-element elementor-element-5907bce e-flex e-con-boxed elementor-invisible e-con e-parent\" data-id=\"5907bce\" data-element_type=\"container\" data-e-type=\"container\" data-settings=\"{&quot;background_background&quot;:&quot;classic&quot;,&quot;animation&quot;:&quot;fadeInUp&quot;}\">\n\t\t\t\t\t<div class=\"e-con-inner\">\n\t\t<div class=\"elementor-element elementor-element-60caaf0f e-flex e-con-boxed e-con e-child\" data-id=\"60caaf0f\" data-element_type=\"container\" data-e-type=\"container\">\n\t\t\t\t\t<div class=\"e-con-inner\">\n\t\t\t\t<div class=\"elementor-element elementor-element-c4d1502 elementor-widget elementor-widget-heading\" data-id=\"c4d1502\" data-element_type=\"widget\" data-e-type=\"widget\" data-settings=\"{&quot;_animation&quot;:&quot;none&quot;}\" data-widget_type=\"heading.default\">\n\t\t\t\t<div class=\"elementor-widget-container\">\n\t\t\t\t\t<h1 class=\"elementor-heading-title elementor-size-default\">Veranstaltungen<\/h1>\t\t\t\t<\/div>\n\t\t\t\t<\/div>\n\t\t\t\t<div class=\"elementor-element elementor-element-7a18f13c elementor-widget elementor-widget-text-editor\" data-id=\"7a18f13c\" data-element_type=\"widget\" data-e-type=\"widget\" data-settings=\"{&quot;_animation&quot;:&quot;none&quot;,&quot;_animation_delay&quot;:600}\" data-widget_type=\"text-editor.default\">\n\t\t\t\t<div class=\"elementor-widget-container\">\n\t\t\t\t\t\t\t\t\t<p>Welcome to the Events and Webinars Page for Fits Traffic! Here, you&#8217;ll find a comprehensive list of all our upcoming and past events.<\/p><p>Whether you&#8217;re looking for insights into the latest traffic solutions, industry trends, or expert discussions, this is your go-to resource. Our events are designed to provide valuable information and interactive experiences for professionals in the traffic management field. Stay informed and engaged with Fits Traffic&#8217;s diverse range of events.<\/p>\t\t\t\t\t\t\t\t<\/div>\n\t\t\t\t<\/div>\n\t\t\t\t\t<\/div>\n\t\t\t\t<\/div>\n\t\t\t\t\t<\/div>\n\t\t\t\t<\/div>\n\t\t<div class=\"elementor-element elementor-element-41d4f438 e-flex e-con-boxed elementor-invisible e-con e-parent\" data-id=\"41d4f438\" data-element_type=\"container\" data-e-type=\"container\" data-settings=\"{&quot;background_background&quot;:&quot;classic&quot;,&quot;animation&quot;:&quot;fadeInUp&quot;,&quot;animation_delay&quot;:600}\">\n\t\t\t\t\t<div class=\"e-con-inner\">\n\t\t\t\t<div class=\"elementor-element elementor-element-5a9d5c93 elementor-grid-3 elementor-grid-tablet-2 elementor-grid-mobile-1 elementor-posts--thumbnail-top elementor-widget elementor-widget-posts\" data-id=\"5a9d5c93\" data-element_type=\"widget\" data-e-type=\"widget\" data-settings=\"{&quot;classic_row_gap&quot;:{&quot;unit&quot;:&quot;px&quot;,&quot;size&quot;:32,&quot;sizes&quot;:[]},&quot;classic_columns&quot;:&quot;3&quot;,&quot;classic_columns_tablet&quot;:&quot;2&quot;,&quot;classic_columns_mobile&quot;:&quot;1&quot;,&quot;classic_row_gap_tablet&quot;:{&quot;unit&quot;:&quot;px&quot;,&quot;size&quot;:&quot;&quot;,&quot;sizes&quot;:[]},&quot;classic_row_gap_mobile&quot;:{&quot;unit&quot;:&quot;px&quot;,&quot;size&quot;:&quot;&quot;,&quot;sizes&quot;:[]}}\" data-widget_type=\"posts.classic\">\n\t\t\t\t<div class=\"elementor-widget-container\">\n\t\t\t\t\t\t\t<div class=\"elementor-posts-container elementor-posts elementor-posts--skin-classic elementor-grid\" role=\"list\">\n\t\t\t\t<article class=\"elementor-post elementor-grid-item post-3257 post type-post status-publish format-standard has-post-thumbnail hentry category-events tag-events\" role=\"listitem\">\n\t\t\t\t<a class=\"elementor-post__thumbnail__link\" href=\"https:\/\/fitstraffic.com\/de\/intertraffic-2026\/\" tabindex=\"-1\" >\n\t\t\t<div class=\"elementor-post__thumbnail\"><img fetchpriority=\"high\" decoding=\"async\" width=\"2560\" height=\"1441\" src=\"https:\/\/fitstraffic.com\/wp-content\/uploads\/2026\/01\/Untitled-1-2-scaled.png\" class=\"attachment-full size-full wp-image-3279\" alt=\"\" title=\"-\" srcset=\"https:\/\/fitstraffic.com\/wp-content\/uploads\/2026\/01\/Untitled-1-2-scaled.png 2560w, https:\/\/fitstraffic.com\/wp-content\/uploads\/2026\/01\/Untitled-1-2-300x169.png 300w, https:\/\/fitstraffic.com\/wp-content\/uploads\/2026\/01\/Untitled-1-2-1024x577.png 1024w, https:\/\/fitstraffic.com\/wp-content\/uploads\/2026\/01\/Untitled-1-2-768x432.png 768w, https:\/\/fitstraffic.com\/wp-content\/uploads\/2026\/01\/Untitled-1-2-1536x865.png 1536w, https:\/\/fitstraffic.com\/wp-content\/uploads\/2026\/01\/Untitled-1-2-2048x1153.png 2048w, https:\/\/fitstraffic.com\/wp-content\/uploads\/2026\/01\/Untitled-1-2-18x10.png 18w\" sizes=\"(max-width: 2560px) 100vw, 2560px\" \/><\/div>\n\t\t<\/a>\n\t\t\t\t<div class=\"elementor-post__text\">\n\t\t\t\t<h4 class=\"elementor-post__title\">\n\t\t\t<a href=\"https:\/\/fitstraffic.com\/de\/intertraffic-2026\/\" >\n\t\t\t\tIntertraffic Amsterdam 2026\t\t\t<\/a>\n\t\t<\/h4>\n\t\t\t\t<div class=\"elementor-post__excerpt\">\n\t\t\t<p>FitsTraffic is heading to Intertraffic Amsterdam. <\/p> <p>See you in Amsterdam from 10\u201313 March 2026 at RAI Amsterdam, the Netherlands!<\/p>\t\t<\/div>\n\t\t\n\t\t<a class=\"elementor-post__read-more\" href=\"https:\/\/fitstraffic.com\/de\/intertraffic-2026\/\" aria-label=\"Mehr \u00fcber Intertraffic Amsterdam 2026\" tabindex=\"-1\" >\n\t\t\tMehr lesen \t\t<\/a>\n\n\t\t\t\t<\/div>\n\t\t\t\t<\/article>\n\t\t\t\t<article class=\"elementor-post elementor-grid-item post-3019 post type-post status-publish format-standard has-post-thumbnail hentry category-events\" role=\"listitem\">\n\t\t\t\t<a class=\"elementor-post__thumbnail__link\" href=\"https:\/\/fitstraffic.com\/de\/smart-city-expo-world-congress-2025\/\" tabindex=\"-1\" >\n\t\t\t<div class=\"elementor-post__thumbnail\"><img decoding=\"async\" width=\"1542\" height=\"913\" src=\"https:\/\/fitstraffic.com\/wp-content\/uploads\/2025\/12\/Ekranuznemums-2025-12-11-162352-1.png\" class=\"attachment-full size-full wp-image-3020\" alt=\"\" title=\"-\" srcset=\"https:\/\/fitstraffic.com\/wp-content\/uploads\/2025\/12\/Ekranuznemums-2025-12-11-162352-1.png 1542w, https:\/\/fitstraffic.com\/wp-content\/uploads\/2025\/12\/Ekranuznemums-2025-12-11-162352-1-300x178.png 300w, https:\/\/fitstraffic.com\/wp-content\/uploads\/2025\/12\/Ekranuznemums-2025-12-11-162352-1-1024x606.png 1024w, https:\/\/fitstraffic.com\/wp-content\/uploads\/2025\/12\/Ekranuznemums-2025-12-11-162352-1-768x455.png 768w, https:\/\/fitstraffic.com\/wp-content\/uploads\/2025\/12\/Ekranuznemums-2025-12-11-162352-1-1536x909.png 1536w, https:\/\/fitstraffic.com\/wp-content\/uploads\/2025\/12\/Ekranuznemums-2025-12-11-162352-1-18x12.png 18w\" sizes=\"(max-width: 1542px) 100vw, 1542px\" \/><\/div>\n\t\t<\/a>\n\t\t\t\t<div class=\"elementor-post__text\">\n\t\t\t\t<h4 class=\"elementor-post__title\">\n\t\t\t<a href=\"https:\/\/fitstraffic.com\/de\/smart-city-expo-world-congress-2025\/\" >\n\t\t\t\tSmart City Expo World Congress 2025\t\t\t<\/a>\n\t\t<\/h4>\n\t\t\t\t<div class=\"elementor-post__excerpt\">\n\t\t\t<p>Join us from November 4\u20136, 2025 at the Smart City Expo World Congress \u2013 the world\u2019s leading event for smart and sustainable urban innovation. Nordic-Baltic Pavilion (Hall P3, Level 0, Street D, Booth 122).<\/p>\n\t\t<\/div>\n\t\t\n\t\t<a class=\"elementor-post__read-more\" href=\"https:\/\/fitstraffic.com\/de\/smart-city-expo-world-congress-2025\/\" aria-label=\"Mehr \u00fcber Smart City Expo World Congress 2025\" tabindex=\"-1\" >\n\t\t\tMehr lesen \t\t<\/a>\n\n\t\t\t\t<\/div>\n\t\t\t\t<\/article>\n\t\t\t\t<article class=\"elementor-post elementor-grid-item post-3142 post type-post status-publish format-standard has-post-thumbnail hentry category-events\" role=\"listitem\">\n\t\t\t\t<a class=\"elementor-post__thumbnail__link\" href=\"https:\/\/fitstraffic.com\/de\/europes-first-real-time-cross-border-digital-freight-information-control\/\" tabindex=\"-1\" >\n\t\t\t<div class=\"elementor-post__thumbnail\"><img decoding=\"async\" width=\"1280\" height=\"1707\" src=\"https:\/\/fitstraffic.com\/wp-content\/uploads\/2026\/01\/1757922663351-1.jpg\" class=\"attachment-full size-full wp-image-3147\" alt=\"\" title=\"-\" srcset=\"https:\/\/fitstraffic.com\/wp-content\/uploads\/2026\/01\/1757922663351-1.jpg 1280w, https:\/\/fitstraffic.com\/wp-content\/uploads\/2026\/01\/1757922663351-1-225x300.jpg 225w, https:\/\/fitstraffic.com\/wp-content\/uploads\/2026\/01\/1757922663351-1-768x1024.jpg 768w, https:\/\/fitstraffic.com\/wp-content\/uploads\/2026\/01\/1757922663351-1-1152x1536.jpg 1152w, https:\/\/fitstraffic.com\/wp-content\/uploads\/2026\/01\/1757922663351-1-9x12.jpg 9w\" sizes=\"(max-width: 1280px) 100vw, 1280px\" \/><\/div>\n\t\t<\/a>\n\t\t\t\t<div class=\"elementor-post__text\">\n\t\t\t\t<h4 class=\"elementor-post__title\">\n\t\t\t<a href=\"https:\/\/fitstraffic.com\/de\/europes-first-real-time-cross-border-digital-freight-information-control\/\" >\n\t\t\t\tEurope\u2019s first real-time cross-border digital freight information control\t\t\t<\/a>\n\t\t<\/h4>\n\t\t\t\t<div class=\"elementor-post__excerpt\">\n\t\t\t<p>Fits Traffic participated in Europe\u2019s first real-time cross-border digital freight information control, held on September 9, 2025, near the Estonia\u2013Latvia border under the eFTI4EU (eFTI4EU Project) Baltic Transport Corridor pilot.<\/p>\n\t\t<\/div>\n\t\t\n\t\t<a class=\"elementor-post__read-more\" href=\"https:\/\/fitstraffic.com\/de\/europes-first-real-time-cross-border-digital-freight-information-control\/\" aria-label=\"Mehr \u00fcber Europe\u2019s first real-time cross-border digital freight information control\" tabindex=\"-1\" >\n\t\t\tMehr lesen \t\t<\/a>\n\n\t\t\t\t<\/div>\n\t\t\t\t<\/article>\n\t\t\t\t<article class=\"elementor-post elementor-grid-item post-2974 post type-post status-publish format-standard has-post-thumbnail hentry category-events\" role=\"listitem\">\n\t\t\t\t<a class=\"elementor-post__thumbnail__link\" href=\"https:\/\/fitstraffic.com\/de\/shaping-the-future-of-urban-mobility-toolbox-for-agile-accessibility-management-taam\/\" tabindex=\"-1\" >\n\t\t\t<div class=\"elementor-post__thumbnail\"><img loading=\"lazy\" decoding=\"async\" width=\"500\" height=\"281\" src=\"https:\/\/fitstraffic.com\/wp-content\/uploads\/2024\/01\/recording012.webp\" class=\"attachment-full size-full wp-image-2261\" alt=\"aerial view of road in wood with recording icon above it\" title=\"-\" srcset=\"https:\/\/fitstraffic.com\/wp-content\/uploads\/2024\/01\/recording012.webp 500w, https:\/\/fitstraffic.com\/wp-content\/uploads\/2024\/01\/recording012-300x169.webp 300w, https:\/\/fitstraffic.com\/wp-content\/uploads\/2024\/01\/recording012-18x10.webp 18w\" sizes=\"(max-width: 500px) 100vw, 500px\" \/><\/div>\n\t\t<\/a>\n\t\t\t\t<div class=\"elementor-post__text\">\n\t\t\t\t<h4 class=\"elementor-post__title\">\n\t\t\t<a href=\"https:\/\/fitstraffic.com\/de\/shaping-the-future-of-urban-mobility-toolbox-for-agile-accessibility-management-taam\/\" >\n\t\t\t\tShaping the Future of Urban Mobility: Toolbox for Agile Accessibility Management (TAAM)\t\t\t<\/a>\n\t\t<\/h4>\n\t\t\t\t<div class=\"elementor-post__excerpt\">\n\t\t\t<p><b>Webinar recording 13.06.2025<\/b><\/p>\t\t<\/div>\n\t\t\n\t\t<a class=\"elementor-post__read-more\" href=\"https:\/\/fitstraffic.com\/de\/shaping-the-future-of-urban-mobility-toolbox-for-agile-accessibility-management-taam\/\" aria-label=\"Mehr \u00fcber Shaping the Future of Urban Mobility: Toolbox for Agile Accessibility Management (TAAM)\" tabindex=\"-1\" >\n\t\t\tMehr lesen \t\t<\/a>\n\n\t\t\t\t<\/div>\n\t\t\t\t<\/article>\n\t\t\t\t<article class=\"elementor-post elementor-grid-item post-3028 post type-post status-publish format-standard has-post-thumbnail hentry category-events\" role=\"listitem\">\n\t\t\t\t<a class=\"elementor-post__thumbnail__link\" href=\"https:\/\/fitstraffic.com\/de\/16th-its-european-congress-in-seville\/\" tabindex=\"-1\" >\n\t\t\t<div class=\"elementor-post__thumbnail\"><img loading=\"lazy\" decoding=\"async\" width=\"1000\" height=\"667\" src=\"https:\/\/fitstraffic.com\/wp-content\/uploads\/2025\/12\/Seville-new-date-1000x667-v3.avif\" class=\"attachment-full size-full wp-image-3029\" alt=\"\" title=\"-\" srcset=\"https:\/\/fitstraffic.com\/wp-content\/uploads\/2025\/12\/Seville-new-date-1000x667-v3.avif 1000w, https:\/\/fitstraffic.com\/wp-content\/uploads\/2025\/12\/Seville-new-date-1000x667-v3-300x200.avif 300w, https:\/\/fitstraffic.com\/wp-content\/uploads\/2025\/12\/Seville-new-date-1000x667-v3-768x512.avif 768w, https:\/\/fitstraffic.com\/wp-content\/uploads\/2025\/12\/Seville-new-date-1000x667-v3-18x12.avif 18w\" sizes=\"(max-width: 1000px) 100vw, 1000px\" \/><\/div>\n\t\t<\/a>\n\t\t\t\t<div class=\"elementor-post__text\">\n\t\t\t\t<h4 class=\"elementor-post__title\">\n\t\t\t<a href=\"https:\/\/fitstraffic.com\/de\/16th-its-european-congress-in-seville\/\" >\n\t\t\t\t16th ITS European Congress in Seville\t\t\t<\/a>\n\t\t<\/h4>\n\t\t\t\t<div class=\"elementor-post__excerpt\">\n\t\t\t<p>Join us from May&nbsp;19 &#8211; 21, 2025,&nbsp;at the Nordic+ pavilion, E5. Together with partners from ITS Estonia, ITS Finland, ITS Latvia, Cityfi, and the VSIA &#8220;Autotransporta direkcija&#8221;, we presented the Baltic Mobility Collaborative (BMC) \u2014 a new platform launched in 2024 to develop transferable and scalable cross-border mobility frameworks and<\/p>\n\t\t<\/div>\n\t\t\n\t\t<a class=\"elementor-post__read-more\" href=\"https:\/\/fitstraffic.com\/de\/16th-its-european-congress-in-seville\/\" aria-label=\"Mehr \u00fcber 16th ITS European Congress in Seville\" tabindex=\"-1\" >\n\t\t\tMehr lesen \t\t<\/a>\n\n\t\t\t\t<\/div>\n\t\t\t\t<\/article>\n\t\t\t\t<article class=\"elementor-post elementor-grid-item post-2762 post type-post status-publish format-standard has-post-thumbnail hentry category-events\" role=\"listitem\">\n\t\t\t\t<a class=\"elementor-post__thumbnail__link\" href=\"https:\/\/fitstraffic.com\/de\/agiles-verkehrsmanagement-fur-smart-cities\/\" tabindex=\"-1\" >\n\t\t\t<div class=\"elementor-post__thumbnail\"><img loading=\"lazy\" decoding=\"async\" width=\"960\" height=\"540\" src=\"https:\/\/fitstraffic.com\/wp-content\/uploads\/2024\/12\/Image1.jpg\" class=\"attachment-full size-full wp-image-2773\" alt=\"\" title=\"-\" srcset=\"https:\/\/fitstraffic.com\/wp-content\/uploads\/2024\/12\/Image1.jpg 960w, https:\/\/fitstraffic.com\/wp-content\/uploads\/2024\/12\/Image1-300x169.jpg 300w, https:\/\/fitstraffic.com\/wp-content\/uploads\/2024\/12\/Image1-768x432.jpg 768w, https:\/\/fitstraffic.com\/wp-content\/uploads\/2024\/12\/Image1-18x10.jpg 18w\" sizes=\"(max-width: 960px) 100vw, 960px\" \/><\/div>\n\t\t<\/a>\n\t\t\t\t<div class=\"elementor-post__text\">\n\t\t\t\t<h4 class=\"elementor-post__title\">\n\t\t\t<a href=\"https:\/\/fitstraffic.com\/de\/agiles-verkehrsmanagement-fur-smart-cities\/\" >\n\t\t\t\tAgile Traffic Management for Smart Cities\t\t\t<\/a>\n\t\t<\/h4>\n\t\t\t\t<div class=\"elementor-post__excerpt\">\n\t\t\t<p><b>Webinar recording 29.11.2024<\/b> <\/p>\t\t<\/div>\n\t\t\n\t\t<a class=\"elementor-post__read-more\" href=\"https:\/\/fitstraffic.com\/de\/agiles-verkehrsmanagement-fur-smart-cities\/\" aria-label=\"Mehr \u00fcber Agile Traffic Management for Smart Cities\" tabindex=\"-1\" >\n\t\t\tMehr lesen \t\t<\/a>\n\n\t\t\t\t<\/div>\n\t\t\t\t<\/article>\n\t\t\t\t<article class=\"elementor-post elementor-grid-item post-2398 post type-post status-publish format-standard has-post-thumbnail hentry category-events tag-events\" role=\"listitem\">\n\t\t\t\t<a class=\"elementor-post__thumbnail__link\" href=\"https:\/\/fitstraffic.com\/de\/schienen-von-morgen-der-digitalen-transformation-in-europaischen-eisenbahn-markten\/\" tabindex=\"-1\" >\n\t\t\t<div class=\"elementor-post__thumbnail\"><img loading=\"lazy\" decoding=\"async\" width=\"1100\" height=\"640\" src=\"https:\/\/fitstraffic.com\/wp-content\/uploads\/2024\/03\/Bez-nosaukuma111111.png\" class=\"attachment-full size-full wp-image-2434\" alt=\"\" title=\"-\" srcset=\"https:\/\/fitstraffic.com\/wp-content\/uploads\/2024\/03\/Bez-nosaukuma111111.png 1100w, https:\/\/fitstraffic.com\/wp-content\/uploads\/2024\/03\/Bez-nosaukuma111111-300x175.png 300w, https:\/\/fitstraffic.com\/wp-content\/uploads\/2024\/03\/Bez-nosaukuma111111-1024x596.png 1024w, https:\/\/fitstraffic.com\/wp-content\/uploads\/2024\/03\/Bez-nosaukuma111111-768x447.png 768w, https:\/\/fitstraffic.com\/wp-content\/uploads\/2024\/03\/Bez-nosaukuma111111-18x10.png 18w\" sizes=\"(max-width: 1100px) 100vw, 1100px\" \/><\/div>\n\t\t<\/a>\n\t\t\t\t<div class=\"elementor-post__text\">\n\t\t\t\t<h4 class=\"elementor-post__title\">\n\t\t\t<a href=\"https:\/\/fitstraffic.com\/de\/schienen-von-morgen-der-digitalen-transformation-in-europaischen-eisenbahn-markten\/\" >\n\t\t\t\tDie Schienen von morgen: Die digitale Transformation auf den europ\u00e4ischen Eisenbahnm\u00e4rkten\t\t\t<\/a>\n\t\t<\/h4>\n\t\t\t\t<div class=\"elementor-post__excerpt\">\n\t\t\t<p><b>Webinar recording 4.04.2024<\/b> <\/p>\t\t<\/div>\n\t\t\n\t\t<a class=\"elementor-post__read-more\" href=\"https:\/\/fitstraffic.com\/de\/schienen-von-morgen-der-digitalen-transformation-in-europaischen-eisenbahn-markten\/\" aria-label=\"Mehr \u00fcber Rails of Tomorrow: Navigating Digital Transformation in European Railway Markets\" tabindex=\"-1\" >\n\t\t\tMehr lesen \t\t<\/a>\n\n\t\t\t\t<\/div>\n\t\t\t\t<\/article>\n\t\t\t\t<article class=\"elementor-post elementor-grid-item post-2031 post type-post status-publish format-standard has-post-thumbnail hentry category-events tag-events\" role=\"listitem\">\n\t\t\t\t<a class=\"elementor-post__thumbnail__link\" href=\"https:\/\/fitstraffic.com\/de\/agile-traffic-management-in-switzerland-digital-pathways-for-sustainable-mobility\/\" tabindex=\"-1\" >\n\t\t\t<div class=\"elementor-post__thumbnail\"><img loading=\"lazy\" decoding=\"async\" width=\"500\" height=\"281\" src=\"https:\/\/fitstraffic.com\/wp-content\/uploads\/2024\/01\/FitsTraffic-REcording-01.webp\" class=\"attachment-full size-full wp-image-2260\" alt=\"aerial view of road in city with recording icon above it\" title=\"-\" srcset=\"https:\/\/fitstraffic.com\/wp-content\/uploads\/2024\/01\/FitsTraffic-REcording-01.webp 500w, https:\/\/fitstraffic.com\/wp-content\/uploads\/2024\/01\/FitsTraffic-REcording-01-300x169.webp 300w, https:\/\/fitstraffic.com\/wp-content\/uploads\/2024\/01\/FitsTraffic-REcording-01-18x10.webp 18w\" sizes=\"(max-width: 500px) 100vw, 500px\" \/><\/div>\n\t\t<\/a>\n\t\t\t\t<div class=\"elementor-post__text\">\n\t\t\t\t<h4 class=\"elementor-post__title\">\n\t\t\t<a href=\"https:\/\/fitstraffic.com\/de\/agile-traffic-management-in-switzerland-digital-pathways-for-sustainable-mobility\/\" >\n\t\t\t\tAgile Traffic Management in Switzerland &#8211; Digital Pathways for Sustainable Mobility\t\t\t<\/a>\n\t\t<\/h4>\n\t\t\t\t<div class=\"elementor-post__excerpt\">\n\t\t\t<p><b>Webinar recording 30.11.2023<\/b> <\/p>\t\t<\/div>\n\t\t\n\t\t<a class=\"elementor-post__read-more\" href=\"https:\/\/fitstraffic.com\/de\/agile-traffic-management-in-switzerland-digital-pathways-for-sustainable-mobility\/\" aria-label=\"Mehr \u00fcber Agile Traffic Management in Switzerland &#8211; Digital Pathways for Sustainable Mobility\" tabindex=\"-1\" >\n\t\t\tMehr lesen \t\t<\/a>\n\n\t\t\t\t<\/div>\n\t\t\t\t<\/article>\n\t\t\t\t<article class=\"elementor-post elementor-grid-item post-1989 post type-post status-publish format-standard has-post-thumbnail hentry category-events tag-events\" role=\"listitem\">\n\t\t\t\t<a class=\"elementor-post__thumbnail__link\" href=\"https:\/\/fitstraffic.com\/de\/revolutionary-toolbox-for-agile-urban-accessibility-management\/\" tabindex=\"-1\" >\n\t\t\t<div class=\"elementor-post__thumbnail\"><img loading=\"lazy\" decoding=\"async\" width=\"500\" height=\"281\" src=\"https:\/\/fitstraffic.com\/wp-content\/uploads\/2024\/01\/pexels-kelly-19428358-min-scaled-1.webp\" class=\"attachment-full size-full wp-image-2262\" alt=\"aerial view of road with recording icon above it\" title=\"-\" srcset=\"https:\/\/fitstraffic.com\/wp-content\/uploads\/2024\/01\/pexels-kelly-19428358-min-scaled-1.webp 500w, https:\/\/fitstraffic.com\/wp-content\/uploads\/2024\/01\/pexels-kelly-19428358-min-scaled-1-300x169.webp 300w, https:\/\/fitstraffic.com\/wp-content\/uploads\/2024\/01\/pexels-kelly-19428358-min-scaled-1-18x10.webp 18w\" sizes=\"(max-width: 500px) 100vw, 500px\" \/><\/div>\n\t\t<\/a>\n\t\t\t\t<div class=\"elementor-post__text\">\n\t\t\t\t<h4 class=\"elementor-post__title\">\n\t\t\t<a href=\"https:\/\/fitstraffic.com\/de\/revolutionary-toolbox-for-agile-urban-accessibility-management\/\" >\n\t\t\t\tRevolution\u00e4re Werkzeugkiste f\u00fcr agiles Management der st\u00e4dtischen Zug\u00e4nglichkeit\t\t\t<\/a>\n\t\t<\/h4>\n\t\t\t\t<div class=\"elementor-post__excerpt\">\n\t\t\t<p><b>Webinar recording 25.10.2023<\/b> <\/p>\t\t<\/div>\n\t\t\n\t\t<a class=\"elementor-post__read-more\" href=\"https:\/\/fitstraffic.com\/de\/revolutionary-toolbox-for-agile-urban-accessibility-management\/\" aria-label=\"Mehr \u00fcber Revolutionary Toolbox for Agile Urban Accessibility Management\" tabindex=\"-1\" >\n\t\t\tMehr lesen \t\t<\/a>\n\n\t\t\t\t<\/div>\n\t\t\t\t<\/article>\n\t\t\t\t<article class=\"elementor-post elementor-grid-item post-2091 post type-post status-publish format-standard has-post-thumbnail hentry category-events tag-events\" role=\"listitem\">\n\t\t\t\t<a class=\"elementor-post__thumbnail__link\" href=\"https:\/\/fitstraffic.com\/de\/artificial-intelligence-to-foster-safe-and-environmentally-friendly-road-transport\/\" tabindex=\"-1\" >\n\t\t\t<div class=\"elementor-post__thumbnail\"><img loading=\"lazy\" decoding=\"async\" width=\"500\" height=\"281\" src=\"https:\/\/fitstraffic.com\/wp-content\/uploads\/2024\/01\/recording012.webp\" class=\"attachment-full size-full wp-image-2261\" alt=\"aerial view of road in wood with recording icon above it\" title=\"-\" srcset=\"https:\/\/fitstraffic.com\/wp-content\/uploads\/2024\/01\/recording012.webp 500w, https:\/\/fitstraffic.com\/wp-content\/uploads\/2024\/01\/recording012-300x169.webp 300w, https:\/\/fitstraffic.com\/wp-content\/uploads\/2024\/01\/recording012-18x10.webp 18w\" sizes=\"(max-width: 500px) 100vw, 500px\" \/><\/div>\n\t\t<\/a>\n\t\t\t\t<div class=\"elementor-post__text\">\n\t\t\t\t<h4 class=\"elementor-post__title\">\n\t\t\t<a href=\"https:\/\/fitstraffic.com\/de\/artificial-intelligence-to-foster-safe-and-environmentally-friendly-road-transport\/\" >\n\t\t\t\tK\u00fcnstliche Intelligenz zur F\u00f6rderung sicherer und umweltfreundlicher Stra\u00dfentransporte\t\t\t<\/a>\n\t\t<\/h4>\n\t\t\t\t<div class=\"elementor-post__excerpt\">\n\t\t\t<p><b>Webinar recording 23.11.2021<\/b> <\/p>\t\t<\/div>\n\t\t\n\t\t<a class=\"elementor-post__read-more\" href=\"https:\/\/fitstraffic.com\/de\/artificial-intelligence-to-foster-safe-and-environmentally-friendly-road-transport\/\" aria-label=\"Mehr \u00fcber Artificial Intelligence to foster safe and environmentally friendly Road Transport\" tabindex=\"-1\" >\n\t\t\tMehr lesen \t\t<\/a>\n\n\t\t\t\t<\/div>\n\t\t\t\t<\/article>\n\t\t\t\t<\/div>\n\t\t\n\t\t\t\t\t\t<\/div>\n\t\t\t\t<\/div>\n\t\t\t\t\t<\/div>\n\t\t\t\t<\/div>\n\t\t<div class=\"elementor-element elementor-element-6ca581f e-flex e-con-boxed e-con e-parent\" data-id=\"6ca581f\" data-element_type=\"container\" data-e-type=\"container\" data-settings=\"{&quot;background_background&quot;:&quot;classic&quot;}\">\n\t\t\t\t\t<div class=\"e-con-inner\">\n\t\t\t\t<div class=\"elementor-element elementor-element-7502213f elementor-widget elementor-widget-heading\" data-id=\"7502213f\" data-element_type=\"widget\" data-e-type=\"widget\" data-widget_type=\"heading.default\">\n\t\t\t\t<div class=\"elementor-widget-container\">\n\t\t\t\t\t<h2 class=\"elementor-heading-title elementor-size-default\">Wir beraten Sie zur Verkehrssicherheit<\/h2>\t\t\t\t<\/div>\n\t\t\t\t<\/div>\n\t\t\t\t<div class=\"elementor-element elementor-element-c69d2f1 elementor-widget elementor-widget-heading\" data-id=\"c69d2f1\" data-element_type=\"widget\" data-e-type=\"widget\" data-widget_type=\"heading.default\">\n\t\t\t\t<div class=\"elementor-widget-container\">\n\t\t\t\t\t<span class=\"elementor-heading-title elementor-size-default\">Senden Sie uns Ihre Frage<\/span>\t\t\t\t<\/div>\n\t\t\t\t<\/div>\n\t\t\t\t<div class=\"elementor-element elementor-element-2a116963 elementor-align-center elementor-mobile-align-left elementor-widget elementor-widget-button\" data-id=\"2a116963\" data-element_type=\"widget\" data-e-type=\"widget\" data-widget_type=\"button.default\">\n\t\t\t\t<div class=\"elementor-widget-container\">\n\t\t\t\t\t\t\t\t\t<div class=\"elementor-button-wrapper\">\n\t\t\t\t\t<a class=\"elementor-button elementor-button-link elementor-size-sm\" href=\"https:\/\/fitstraffic.com\/de\/in-kontakt-kommen\/\">\n\t\t\t\t\t\t<span class=\"elementor-button-content-wrapper\">\n\t\t\t\t\t\t\t\t\t<span class=\"elementor-button-text\">Kontakt<\/span>\n\t\t\t\t\t<\/span>\n\t\t\t\t\t<\/a>\n\t\t\t\t<\/div>\n\t\t\t\t\t\t\t\t<\/div>\n\t\t\t\t<\/div>\n\t\t\t\t\t<\/div>\n\t\t\t\t<\/div>\n\t\t\t\t<\/div>","protected":false},"excerpt":{"rendered":"<p>Events Welcome to the Events and Webinars Page for Fits Traffic! Here, you&#8217;ll find a comprehensive list of all our upcoming and past events. Whether you&#8217;re looking for insights into the latest traffic solutions, industry trends, or expert discussions, this is your go-to resource. Our events are designed to provide valuable information and interactive experiences [&hellip;]<\/p>\n","protected":false},"author":1,"featured_media":0,"parent":0,"menu_order":0,"comment_status":"closed","ping_status":"closed","template":"elementor_header_footer","meta":{"footnotes":""},"class_list":["post-2010","page","type-page","status-publish","hentry"],"_links":{"self":[{"href":"https:\/\/fitstraffic.com\/de\/wp-json\/wp\/v2\/pages\/2010","targetHints":{"allow":["GET"]}}],"collection":[{"href":"https:\/\/fitstraffic.com\/de\/wp-json\/wp\/v2\/pages"}],"about":[{"href":"https:\/\/fitstraffic.com\/de\/wp-json\/wp\/v2\/types\/page"}],"author":[{"embeddable":true,"href":"https:\/\/fitstraffic.com\/de\/wp-json\/wp\/v2\/users\/1"}],"replies":[{"embeddable":true,"href":"https:\/\/fitstraffic.com\/de\/wp-json\/wp\/v2\/comments?post=2010"}],"version-history":[{"count":9,"href":"https:\/\/fitstraffic.com\/de\/wp-json\/wp\/v2\/pages\/2010\/revisions"}],"predecessor-version":[{"id":3332,"href":"https:\/\/fitstraffic.com\/de\/wp-json\/wp\/v2\/pages\/2010\/revisions\/3332"}],"wp:attachment":[{"href":"https:\/\/fitstraffic.com\/de\/wp-json\/wp\/v2\/media?parent=2010"}],"curies":[{"name":"wp","href":"https:\/\/api.w.org\/{rel}","templated":true}]}}