{"id":353,"date":"2023-01-10T22:31:55","date_gmt":"2023-01-10T20:31:55","guid":{"rendered":"https:\/\/www.fitstraffic.com\/?page_id=353"},"modified":"2023-12-02T20:54:13","modified_gmt":"2023-12-02T18:54:13","slug":"erfolgsgeschichten","status":"publish","type":"page","link":"https:\/\/fitstraffic.com\/de\/erfolgsgeschichten\/","title":{"rendered":"Anwendungsf\u00e4lle"},"content":{"rendered":"<div data-elementor-type=\"wp-page\" data-elementor-id=\"353\" class=\"elementor elementor-353\" data-elementor-post-type=\"page\">\n\t\t\t\t<div class=\"elementor-element elementor-element-e2d68c5 e-flex e-con-boxed elementor-invisible e-con e-parent\" data-id=\"e2d68c5\" data-element_type=\"container\" data-e-type=\"container\" data-settings=\"{&quot;background_background&quot;:&quot;classic&quot;,&quot;animation&quot;:&quot;fadeInUp&quot;}\">\n\t\t\t\t\t<div class=\"e-con-inner\">\n\t\t<div class=\"elementor-element elementor-element-cecb16a e-flex e-con-boxed e-con e-child\" data-id=\"cecb16a\" data-element_type=\"container\" data-e-type=\"container\">\n\t\t\t\t\t<div class=\"e-con-inner\">\n\t\t\t\t<div class=\"elementor-element elementor-element-3514ee3 elementor-widget elementor-widget-heading\" data-id=\"3514ee3\" data-element_type=\"widget\" data-e-type=\"widget\" data-settings=\"{&quot;_animation&quot;:&quot;none&quot;}\" data-widget_type=\"heading.default\">\n\t\t\t\t<div class=\"elementor-widget-container\">\n\t\t\t\t\t<h1 class=\"elementor-heading-title elementor-size-default\">Anwendungsf\u00e4lle<\/h1>\t\t\t\t<\/div>\n\t\t\t\t<\/div>\n\t\t\t\t<div class=\"elementor-element elementor-element-a18473b elementor-widget elementor-widget-text-editor\" data-id=\"a18473b\" data-element_type=\"widget\" data-e-type=\"widget\" data-settings=\"{&quot;_animation&quot;:&quot;none&quot;,&quot;_animation_delay&quot;:600}\" data-widget_type=\"text-editor.default\">\n\t\t\t\t<div class=\"elementor-widget-container\">\n\t\t\t\t\t\t\t\t\t<p style=\"font-size: 1.25rem; line-height: 1.5;\">Das Verkehrsmanagement ist ein komplexes Problem, aber unser Expertenteam kann Sie dabei unterst\u00fctzen.\u00a0<\/p><p style=\"font-size: 1.25rem; line-height: 1.5;\">Wir bieten St\u00e4dten und Kommunen im Rahmen der Zusammenarbeit eine Reihe innovativer IT-L\u00f6sungen zur Verbesserung des Verkehrsflusses und zum Abbau von Engp\u00e4ssen an. Schauen Sie sich in unseren Anwendungsf\u00e4lle an,\nwie unsere L\u00f6sungen f\u00fcr die Gemeinden im ganzen Land f\u00fcr einen Unterschied sorgen.<\/p>\t\t\t\t\t\t\t\t<\/div>\n\t\t\t\t<\/div>\n\t\t\t\t\t<\/div>\n\t\t\t\t<\/div>\n\t\t\t\t\t<\/div>\n\t\t\t\t<\/div>\n\t\t<div class=\"elementor-element elementor-element-8617d87 e-flex e-con-boxed elementor-invisible e-con e-parent\" data-id=\"8617d87\" data-element_type=\"container\" data-e-type=\"container\" data-settings=\"{&quot;background_background&quot;:&quot;classic&quot;,&quot;animation&quot;:&quot;fadeInUp&quot;,&quot;animation_delay&quot;:600}\">\n\t\t\t\t\t<div class=\"e-con-inner\">\n\t\t\t\t<div class=\"elementor-element elementor-element-5b6e8dc elementor-grid-3 elementor-grid-tablet-2 elementor-grid-mobile-1 elementor-posts--thumbnail-top elementor-widget elementor-widget-posts\" data-id=\"5b6e8dc\" data-element_type=\"widget\" data-e-type=\"widget\" data-settings=\"{&quot;classic_row_gap&quot;:{&quot;unit&quot;:&quot;px&quot;,&quot;size&quot;:32,&quot;sizes&quot;:[]},&quot;classic_columns&quot;:&quot;3&quot;,&quot;classic_columns_tablet&quot;:&quot;2&quot;,&quot;classic_columns_mobile&quot;:&quot;1&quot;,&quot;classic_row_gap_tablet&quot;:{&quot;unit&quot;:&quot;px&quot;,&quot;size&quot;:&quot;&quot;,&quot;sizes&quot;:[]},&quot;classic_row_gap_mobile&quot;:{&quot;unit&quot;:&quot;px&quot;,&quot;size&quot;:&quot;&quot;,&quot;sizes&quot;:[]}}\" data-widget_type=\"posts.classic\">\n\t\t\t\t<div class=\"elementor-widget-container\">\n\t\t\t\t\t\t\t<div class=\"elementor-posts-container elementor-posts elementor-posts--skin-classic elementor-grid\" role=\"list\">\n\t\t\t\t<article class=\"elementor-post elementor-grid-item post-198 post type-post status-publish format-standard has-post-thumbnail hentry category-case-studies tag-case-studies\" role=\"listitem\">\n\t\t\t\t<a class=\"elementor-post__thumbnail__link\" href=\"https:\/\/fitstraffic.com\/de\/operatives-back-office-fur-strasenseitige-seine-ausrustung-transnationale-uberwachung-und-verwaltung-innerhalb-baltischer-strase-e67\/\" tabindex=\"-1\" >\n\t\t\t<div class=\"elementor-post__thumbnail\"><img fetchpriority=\"high\" decoding=\"async\" width=\"1000\" height=\"562\" src=\"https:\/\/fitstraffic.com\/wp-content\/uploads\/2023\/01\/road-sun.jpg\" class=\"attachment-full size-full wp-image-199\" alt=\"Stra\u00dfe in Lettland\" title=\"-\" srcset=\"https:\/\/fitstraffic.com\/wp-content\/uploads\/2023\/01\/road-sun.jpg 1000w, https:\/\/fitstraffic.com\/wp-content\/uploads\/2023\/01\/road-sun-300x169.jpg 300w, https:\/\/fitstraffic.com\/wp-content\/uploads\/2023\/01\/road-sun-768x432.jpg 768w\" sizes=\"(max-width: 1000px) 100vw, 1000px\" \/><\/div>\n\t\t<\/a>\n\t\t\t\t<div class=\"elementor-post__text\">\n\t\t\t\t<h4 class=\"elementor-post__title\">\n\t\t\t<a href=\"https:\/\/fitstraffic.com\/de\/operatives-back-office-fur-strasenseitige-seine-ausrustung-transnationale-uberwachung-und-verwaltung-innerhalb-baltischer-strase-e67\/\" >\n\t\t\t\tBetriebliches Backoffice f\u00fcr ITS-Technik auf Stra\u00dfen, l\u00e4nder\u00fcbergreifendes Monitoring und Management auf der Via Baltica E67\t\t\t<\/a>\n\t\t<\/h4>\n\t\t\n\t\t<a class=\"elementor-post__read-more\" href=\"https:\/\/fitstraffic.com\/de\/operatives-back-office-fur-strasenseitige-seine-ausrustung-transnationale-uberwachung-und-verwaltung-innerhalb-baltischer-strase-e67\/\" aria-label=\"Mehr \u00fcber Operational back-office for road-side ITS equipment transnational monitoring and management within Baltic Road E67\" tabindex=\"-1\" >\n\t\t\tMehr lesen \t\t<\/a>\n\n\t\t\t\t<\/div>\n\t\t\t\t<\/article>\n\t\t\t\t<article class=\"elementor-post elementor-grid-item post-156 post type-post status-publish format-standard has-post-thumbnail hentry category-case-studies tag-case-studies\" role=\"listitem\">\n\t\t\t\t<a class=\"elementor-post__thumbnail__link\" href=\"https:\/\/fitstraffic.com\/de\/seine-ausrustung-uberwachung-und-management\/\" tabindex=\"-1\" >\n\t\t\t<div class=\"elementor-post__thumbnail\"><img decoding=\"async\" width=\"1200\" height=\"675\" src=\"https:\/\/fitstraffic.com\/wp-content\/uploads\/2023\/01\/vilnius-road-cars-1.jpg\" class=\"attachment-full size-full wp-image-158\" alt=\"Autos auf Stra\u00dfen neben dem Radweg\" title=\"-\" srcset=\"https:\/\/fitstraffic.com\/wp-content\/uploads\/2023\/01\/vilnius-road-cars-1.jpg 1200w, https:\/\/fitstraffic.com\/wp-content\/uploads\/2023\/01\/vilnius-road-cars-1-300x169.jpg 300w, https:\/\/fitstraffic.com\/wp-content\/uploads\/2023\/01\/vilnius-road-cars-1-1024x576.jpg 1024w, https:\/\/fitstraffic.com\/wp-content\/uploads\/2023\/01\/vilnius-road-cars-1-768x432.jpg 768w\" sizes=\"(max-width: 1200px) 100vw, 1200px\" \/><\/div>\n\t\t<\/a>\n\t\t\t\t<div class=\"elementor-post__text\">\n\t\t\t\t<h4 class=\"elementor-post__title\">\n\t\t\t<a href=\"https:\/\/fitstraffic.com\/de\/seine-ausrustung-uberwachung-und-management\/\" >\n\t\t\t\tBetriebliches Backoffice f\u00fcr ITS-Technik auf Stra\u00dfen, zentralisierte \u00dcberwachung und Management\t\t\t<\/a>\n\t\t<\/h4>\n\t\t\n\t\t<a class=\"elementor-post__read-more\" href=\"https:\/\/fitstraffic.com\/de\/seine-ausrustung-uberwachung-und-management\/\" aria-label=\"Mehr \u00fcber Operational back-office for road-side ITS equipment centralized monitoring and management\" tabindex=\"-1\" >\n\t\t\tMehr lesen \t\t<\/a>\n\n\t\t\t\t<\/div>\n\t\t\t\t<\/article>\n\t\t\t\t<article class=\"elementor-post elementor-grid-item post-94 post type-post status-publish format-standard has-post-thumbnail hentry category-case-studies tag-case-studies\" role=\"listitem\">\n\t\t\t\t<a class=\"elementor-post__thumbnail__link\" href=\"https:\/\/fitstraffic.com\/de\/implementierung-eines-automatisierten-parkkontroll-und-durchsetzungs-backoffices\/\" tabindex=\"-1\" >\n\t\t\t<div class=\"elementor-post__thumbnail\"><img decoding=\"async\" width=\"1200\" height=\"749\" src=\"https:\/\/fitstraffic.com\/wp-content\/uploads\/2023\/01\/riga-public-bus-on-street-1.jpg\" class=\"attachment-full size-full wp-image-151\" alt=\"Belebte Stra\u00dfe mit Bus und vielen Autos in Riga\" title=\"-\" srcset=\"https:\/\/fitstraffic.com\/wp-content\/uploads\/2023\/01\/riga-public-bus-on-street-1.jpg 1200w, https:\/\/fitstraffic.com\/wp-content\/uploads\/2023\/01\/riga-public-bus-on-street-1-300x187.jpg 300w, https:\/\/fitstraffic.com\/wp-content\/uploads\/2023\/01\/riga-public-bus-on-street-1-1024x639.jpg 1024w, https:\/\/fitstraffic.com\/wp-content\/uploads\/2023\/01\/riga-public-bus-on-street-1-768x479.jpg 768w\" sizes=\"(max-width: 1200px) 100vw, 1200px\" \/><\/div>\n\t\t<\/a>\n\t\t\t\t<div class=\"elementor-post__text\">\n\t\t\t\t<h4 class=\"elementor-post__title\">\n\t\t\t<a href=\"https:\/\/fitstraffic.com\/de\/implementierung-eines-automatisierten-parkkontroll-und-durchsetzungs-backoffices\/\" >\n\t\t\t\tImplementierung eines automatisierten Backoffice f\u00fcr die Parkkontrolle und deren Durchsetzung\t\t\t<\/a>\n\t\t<\/h4>\n\t\t\n\t\t<a class=\"elementor-post__read-more\" href=\"https:\/\/fitstraffic.com\/de\/implementierung-eines-automatisierten-parkkontroll-und-durchsetzungs-backoffices\/\" aria-label=\"Mehr \u00fcber Implementing automated parking control and enforcement back-office\" tabindex=\"-1\" >\n\t\t\tMehr lesen \t\t<\/a>\n\n\t\t\t\t<\/div>\n\t\t\t\t<\/article>\n\t\t\t\t<article class=\"elementor-post elementor-grid-item post-192 post type-post status-publish format-standard has-post-thumbnail hentry category-case-studies tag-case-studies\" role=\"listitem\">\n\t\t\t\t<a class=\"elementor-post__thumbnail__link\" href=\"https:\/\/fitstraffic.com\/de\/wim-enforcement-automation-guide\/\" tabindex=\"-1\" >\n\t\t\t<div class=\"elementor-post__thumbnail\"><img loading=\"lazy\" decoding=\"async\" width=\"1000\" height=\"562\" src=\"https:\/\/fitstraffic.com\/wp-content\/uploads\/2023\/01\/cargo-truck-1.jpg\" class=\"attachment-full size-full wp-image-193\" alt=\"Lastwagen\" title=\"-\" srcset=\"https:\/\/fitstraffic.com\/wp-content\/uploads\/2023\/01\/cargo-truck-1.jpg 1000w, https:\/\/fitstraffic.com\/wp-content\/uploads\/2023\/01\/cargo-truck-1-300x169.jpg 300w, https:\/\/fitstraffic.com\/wp-content\/uploads\/2023\/01\/cargo-truck-1-768x432.jpg 768w\" sizes=\"(max-width: 1000px) 100vw, 1000px\" \/><\/div>\n\t\t<\/a>\n\t\t\t\t<div class=\"elementor-post__text\">\n\t\t\t\t<h4 class=\"elementor-post__title\">\n\t\t\t<a href=\"https:\/\/fitstraffic.com\/de\/wim-enforcement-automation-guide\/\" >\n\t\t\t\tImplementierung des automatisierten Backoffice zur Durchsetzung der Ladegewichtsgrenzen\t\t\t<\/a>\n\t\t<\/h4>\n\t\t\n\t\t<a class=\"elementor-post__read-more\" href=\"https:\/\/fitstraffic.com\/de\/wim-enforcement-automation-guide\/\" aria-label=\"Mehr \u00fcber Automated WIM Enforcement Back-office Implementation\" tabindex=\"-1\" >\n\t\t\tMehr lesen \t\t<\/a>\n\n\t\t\t\t<\/div>\n\t\t\t\t<\/article>\n\t\t\t\t<article class=\"elementor-post elementor-grid-item post-186 post type-post status-publish format-standard has-post-thumbnail hentry category-case-studies tag-case-studies\" role=\"listitem\">\n\t\t\t\t<a class=\"elementor-post__thumbnail__link\" href=\"https:\/\/fitstraffic.com\/de\/durchsetzung-der-nationalen-e-vignette-fur-lkw-uber-30-tonnen\/\" tabindex=\"-1\" >\n\t\t\t<div class=\"elementor-post__thumbnail\"><img loading=\"lazy\" decoding=\"async\" width=\"1000\" height=\"562\" src=\"https:\/\/fitstraffic.com\/wp-content\/uploads\/2023\/01\/celazimes-1.jpg\" class=\"attachment-full size-full wp-image-187\" alt=\"Verkehrsschild in Lettland\" title=\"-\" srcset=\"https:\/\/fitstraffic.com\/wp-content\/uploads\/2023\/01\/celazimes-1.jpg 1000w, https:\/\/fitstraffic.com\/wp-content\/uploads\/2023\/01\/celazimes-1-300x169.jpg 300w, https:\/\/fitstraffic.com\/wp-content\/uploads\/2023\/01\/celazimes-1-768x432.jpg 768w\" sizes=\"(max-width: 1000px) 100vw, 1000px\" \/><\/div>\n\t\t<\/a>\n\t\t\t\t<div class=\"elementor-post__text\">\n\t\t\t\t<h4 class=\"elementor-post__title\">\n\t\t\t<a href=\"https:\/\/fitstraffic.com\/de\/durchsetzung-der-nationalen-e-vignette-fur-lkw-uber-30-tonnen\/\" >\n\t\t\t\tBackoffice f\u00fcr die Durchsetzung der nationalen E-Vignetten f\u00fcr Lastkraftwagen \u00fcber 3,0 t\t\t\t<\/a>\n\t\t<\/h4>\n\t\t\n\t\t<a class=\"elementor-post__read-more\" href=\"https:\/\/fitstraffic.com\/de\/durchsetzung-der-nationalen-e-vignette-fur-lkw-uber-30-tonnen\/\" aria-label=\"Mehr \u00fcber National e-vignette enforcement back-office for trucks above 3.0 t\" tabindex=\"-1\" >\n\t\t\tMehr lesen \t\t<\/a>\n\n\t\t\t\t<\/div>\n\t\t\t\t<\/article>\n\t\t\t\t<article class=\"elementor-post elementor-grid-item post-164 post type-post status-publish format-standard has-post-thumbnail hentry category-case-studies\" role=\"listitem\">\n\t\t\t\t<a class=\"elementor-post__thumbnail__link\" href=\"https:\/\/fitstraffic.com\/de\/nationale-geschwindigkeitsdurchsetzung-backoffice-implementierung\/\" tabindex=\"-1\" >\n\t\t\t<div class=\"elementor-post__thumbnail\"><img loading=\"lazy\" decoding=\"async\" width=\"1000\" height=\"562\" src=\"https:\/\/fitstraffic.com\/wp-content\/uploads\/2023\/01\/fotoradars-1.jpg\" class=\"attachment-full size-full wp-image-174\" alt=\"Nationale Geschwindigkeits\u00fcberwachung: Back-Office-Implementierung\" title=\"-\" srcset=\"https:\/\/fitstraffic.com\/wp-content\/uploads\/2023\/01\/fotoradars-1.jpg 1000w, https:\/\/fitstraffic.com\/wp-content\/uploads\/2023\/01\/fotoradars-1-300x169.jpg 300w, https:\/\/fitstraffic.com\/wp-content\/uploads\/2023\/01\/fotoradars-1-768x432.jpg 768w\" sizes=\"(max-width: 1000px) 100vw, 1000px\" \/><\/div>\n\t\t<\/a>\n\t\t\t\t<div class=\"elementor-post__text\">\n\t\t\t\t<h4 class=\"elementor-post__title\">\n\t\t\t<a href=\"https:\/\/fitstraffic.com\/de\/nationale-geschwindigkeitsdurchsetzung-backoffice-implementierung\/\" >\n\t\t\t\tNationale Back-Office-Implementierung der Geschwindigkeits\u00fcberwachung\t\t\t<\/a>\n\t\t<\/h4>\n\t\t\n\t\t<a class=\"elementor-post__read-more\" href=\"https:\/\/fitstraffic.com\/de\/nationale-geschwindigkeitsdurchsetzung-backoffice-implementierung\/\" aria-label=\"Mehr \u00fcber National speed enforcement back-office implementation\" tabindex=\"-1\" >\n\t\t\tMehr lesen \t\t<\/a>\n\n\t\t\t\t<\/div>\n\t\t\t\t<\/article>\n\t\t\t\t<\/div>\n\t\t\n\t\t\t\t\t\t<\/div>\n\t\t\t\t<\/div>\n\t\t\t\t\t<\/div>\n\t\t\t\t<\/div>\n\t\t<div class=\"elementor-element elementor-element-460ec79f e-flex e-con-boxed e-con e-parent\" data-id=\"460ec79f\" data-element_type=\"container\" data-e-type=\"container\" data-settings=\"{&quot;background_background&quot;:&quot;classic&quot;}\">\n\t\t\t\t\t<div class=\"e-con-inner\">\n\t\t\t\t<div class=\"elementor-element elementor-element-4617ad8e elementor-widget elementor-widget-heading\" data-id=\"4617ad8e\" data-element_type=\"widget\" data-e-type=\"widget\" data-widget_type=\"heading.default\">\n\t\t\t\t<div class=\"elementor-widget-container\">\n\t\t\t\t\t<h2 class=\"elementor-heading-title elementor-size-default\">Wir beraten Sie zur Verkehrssicherheit<\/h2>\t\t\t\t<\/div>\n\t\t\t\t<\/div>\n\t\t\t\t<div class=\"elementor-element elementor-element-4c5b1fb0 elementor-widget elementor-widget-heading\" data-id=\"4c5b1fb0\" data-element_type=\"widget\" data-e-type=\"widget\" data-widget_type=\"heading.default\">\n\t\t\t\t<div class=\"elementor-widget-container\">\n\t\t\t\t\t<span class=\"elementor-heading-title elementor-size-default\">Senden Sie uns Ihre Frage<\/span>\t\t\t\t<\/div>\n\t\t\t\t<\/div>\n\t\t\t\t<div class=\"elementor-element elementor-element-4ca00612 elementor-align-center elementor-mobile-align-left elementor-widget elementor-widget-button\" data-id=\"4ca00612\" data-element_type=\"widget\" data-e-type=\"widget\" data-widget_type=\"button.default\">\n\t\t\t\t<div class=\"elementor-widget-container\">\n\t\t\t\t\t\t\t\t\t<div class=\"elementor-button-wrapper\">\n\t\t\t\t\t<a class=\"elementor-button elementor-button-link elementor-size-sm\" href=\"https:\/\/fitstraffic.com\/de\/in-kontakt-kommen\/\">\n\t\t\t\t\t\t<span class=\"elementor-button-content-wrapper\">\n\t\t\t\t\t\t\t\t\t<span class=\"elementor-button-text\">Kontakt<\/span>\n\t\t\t\t\t<\/span>\n\t\t\t\t\t<\/a>\n\t\t\t\t<\/div>\n\t\t\t\t\t\t\t\t<\/div>\n\t\t\t\t<\/div>\n\t\t\t\t\t<\/div>\n\t\t\t\t<\/div>\n\t\t\t\t<\/div>","protected":false},"excerpt":{"rendered":"<p>Case studies Traffic management is a complex problem, but our<\/p>","protected":false},"author":1,"featured_media":0,"parent":0,"menu_order":0,"comment_status":"closed","ping_status":"closed","template":"elementor_header_footer","meta":{"footnotes":""},"class_list":["post-353","page","type-page","status-publish","hentry"],"_links":{"self":[{"href":"https:\/\/fitstraffic.com\/de\/wp-json\/wp\/v2\/pages\/353","targetHints":{"allow":["GET"]}}],"collection":[{"href":"https:\/\/fitstraffic.com\/de\/wp-json\/wp\/v2\/pages"}],"about":[{"href":"https:\/\/fitstraffic.com\/de\/wp-json\/wp\/v2\/types\/page"}],"author":[{"embeddable":true,"href":"https:\/\/fitstraffic.com\/de\/wp-json\/wp\/v2\/users\/1"}],"replies":[{"embeddable":true,"href":"https:\/\/fitstraffic.com\/de\/wp-json\/wp\/v2\/comments?post=353"}],"version-history":[{"count":0,"href":"https:\/\/fitstraffic.com\/de\/wp-json\/wp\/v2\/pages\/353\/revisions"}],"wp:attachment":[{"href":"https:\/\/fitstraffic.com\/de\/wp-json\/wp\/v2\/media?parent=353"}],"curies":[{"name":"wp","href":"https:\/\/api.w.org\/{rel}","templated":true}]}}