{"id":568,"date":"2023-01-16T09:54:18","date_gmt":"2023-01-16T07:54:18","guid":{"rendered":"https:\/\/www.fitstraffic.com\/?page_id=568"},"modified":"2025-10-14T16:03:21","modified_gmt":"2025-10-14T14:03:21","slug":"in-kontakt-kommen","status":"publish","type":"page","link":"https:\/\/fitstraffic.com\/de\/in-kontakt-kommen\/","title":{"rendered":"Kontakt"},"content":{"rendered":"<div data-elementor-type=\"wp-page\" data-elementor-id=\"568\" class=\"elementor elementor-568\" data-elementor-post-type=\"page\">\n\t\t\t\t<div class=\"elementor-element elementor-element-494ff68 e-flex e-con-boxed e-con e-parent\" data-id=\"494ff68\" data-element_type=\"container\" data-e-type=\"container\">\n\t\t\t\t\t<div class=\"e-con-inner\">\n\t\t<div class=\"elementor-element elementor-element-deb9bf7 e-con-full e-flex e-con e-child\" data-id=\"deb9bf7\" data-element_type=\"container\" data-e-type=\"container\" data-settings=\"{&quot;background_background&quot;:&quot;classic&quot;}\">\n\t\t\t\t<div class=\"elementor-element elementor-element-8339db7 elementor-widget elementor-widget-heading\" data-id=\"8339db7\" data-element_type=\"widget\" data-e-type=\"widget\" data-widget_type=\"heading.default\">\n\t\t\t\t<div class=\"elementor-widget-container\">\n\t\t\t\t\t<h1 class=\"elementor-heading-title elementor-size-default\">Lass uns schreiben<\/h1>\t\t\t\t<\/div>\n\t\t\t\t<\/div>\n\t\t\t\t<div class=\"elementor-element elementor-element-6024af6 elementor-widget elementor-widget-heading\" data-id=\"6024af6\" data-element_type=\"widget\" data-e-type=\"widget\" data-widget_type=\"heading.default\">\n\t\t\t\t<div class=\"elementor-widget-container\">\n\t\t\t\t\t<span class=\"elementor-heading-title elementor-size-default\">Um mehr dar\u00fcber zu erfahren, wie Fits Traffic Ihr Unternehmen unterst\u00fctzen kann, f\u00fcllen Sie bitte das folgende Formular aus.<\/span>\t\t\t\t<\/div>\n\t\t\t\t<\/div>\n\t\t\t\t<div class=\"elementor-element elementor-element-b15af8f elementor-widget elementor-widget-shortcode\" data-id=\"b15af8f\" data-element_type=\"widget\" data-e-type=\"widget\" data-no-translation=\"\" data-widget_type=\"shortcode.default\">\n\t\t\t\t<div class=\"elementor-widget-container\">\n\t\t\t\t\t<style>.elementor-element-b15af8f{display:none !important}<\/style>\t\t\t\t<\/div>\n\t\t\t\t<\/div>\n\t\t\t\t<div class=\"elementor-element elementor-element-2fd59bb elementor-widget elementor-widget-shortcode\" data-id=\"2fd59bb\" data-element_type=\"widget\" data-e-type=\"widget\" data-no-translation=\"\" data-widget_type=\"shortcode.default\">\n\t\t\t\t<div class=\"elementor-widget-container\">\n\t\t\t\t\t\t\t<div class=\"elementor-shortcode\"><form id=\"forminator-module-1197\" class=\"forminator-custom-form forminator-custom-form-1197\" method=\"post\" data-forminator-render=\"0\" data-uid=\"69e831826b12f\" action=\"\"><div role=\"alert\" aria-live=\"polite\" class=\"forminator-response-message forminator-error\" aria-hidden=\"true\"><\/div><input type=\"hidden\" name=\"trp-form-language\" value=\"de\"\/><\/form><\/div>\n\t\t\t\t\t\t<\/div>\n\t\t\t\t<\/div>\n\t\t\t\t<div class=\"elementor-element elementor-element-b500048 elementor-widget elementor-widget-text-editor\" data-id=\"b500048\" data-element_type=\"widget\" data-e-type=\"widget\" data-widget_type=\"text-editor.default\">\n\t\t\t\t<div class=\"elementor-widget-container\">\n\t\t\t\t\t\t\t\t\t<p>Mit dem Absenden der Nachricht stimmen Sie unserer <a href=\"https:\/\/fitstraffic.com\/de\/privacy-policy\/\" target=\"_blank\" rel=\"noopener\">Datenschutzerkl\u00e4rung zu.<\/a><\/p>\t\t\t\t\t\t\t\t<\/div>\n\t\t\t\t<\/div>\n\t\t\t\t<\/div>\n\t\t<div class=\"elementor-element elementor-element-86cce22 e-con-full e-flex e-con e-child\" data-id=\"86cce22\" data-element_type=\"container\" data-e-type=\"container\">\n\t\t\t\t<div class=\"elementor-element elementor-element-a995a45 elementor-widget elementor-widget-image\" data-id=\"a995a45\" data-element_type=\"widget\" data-e-type=\"widget\" data-widget_type=\"image.default\">\n\t\t\t\t<div class=\"elementor-widget-container\">\n\t\t\t\t\t\t\t\t\t\t\t\t\t\t\t<img fetchpriority=\"high\" decoding=\"async\" width=\"800\" height=\"800\" src=\"https:\/\/fitstraffic.com\/wp-content\/uploads\/2023\/01\/Edgars.jpeg\" class=\"attachment-large size-large wp-image-840\" alt=\"Edgars Starkis\" srcset=\"https:\/\/fitstraffic.com\/wp-content\/uploads\/2023\/01\/Edgars.jpeg 800w, https:\/\/fitstraffic.com\/wp-content\/uploads\/2023\/01\/Edgars-300x300.jpeg 300w, https:\/\/fitstraffic.com\/wp-content\/uploads\/2023\/01\/Edgars-150x150.jpeg 150w, https:\/\/fitstraffic.com\/wp-content\/uploads\/2023\/01\/Edgars-768x768.jpeg 768w\" sizes=\"(max-width: 800px) 100vw, 800px\" title=\"-\">\t\t\t\t\t\t\t\t\t\t\t\t\t\t\t<\/div>\n\t\t\t\t<\/div>\n\t\t\t\t<div class=\"elementor-element elementor-element-da1df67 elementor-widget elementor-widget-heading\" data-id=\"da1df67\" data-element_type=\"widget\" data-e-type=\"widget\" data-widget_type=\"heading.default\">\n\t\t\t\t<div class=\"elementor-widget-container\">\n\t\t\t\t\t<h5 class=\"elementor-heading-title elementor-size-default\">Edgars Starkis<\/h5>\t\t\t\t<\/div>\n\t\t\t\t<\/div>\n\t\t\t\t<div class=\"elementor-element elementor-element-791f04b elementor-widget elementor-widget-heading\" data-id=\"791f04b\" data-element_type=\"widget\" data-e-type=\"widget\" data-widget_type=\"heading.default\">\n\t\t\t\t<div class=\"elementor-widget-container\">\n\t\t\t\t\t<span class=\"elementor-heading-title elementor-size-default\">Produktleiter \u201eFits Traffic\u201c.<\/span>\t\t\t\t<\/div>\n\t\t\t\t<\/div>\n\t\t\t\t<div class=\"elementor-element elementor-element-d8fd84b elementor-widget elementor-widget-heading\" data-id=\"d8fd84b\" data-element_type=\"widget\" data-e-type=\"widget\" data-widget_type=\"heading.default\">\n\t\t\t\t<div class=\"elementor-widget-container\">\n\t\t\t\t\t<span class=\"elementor-heading-title elementor-size-default\"><a href=\"https:\/\/www.linkedin.com\/in\/edgarsstarkis\/\" target=\"_blank\" rel=\"nofollow noopener\">LinkedIn<\/a><\/span>\t\t\t\t<\/div>\n\t\t\t\t<\/div>\n\t\t\t\t<div class=\"elementor-element elementor-element-9f95f1e elementor-widget elementor-widget-spacer\" data-id=\"9f95f1e\" data-element_type=\"widget\" data-e-type=\"widget\" data-widget_type=\"spacer.default\">\n\t\t\t\t<div class=\"elementor-widget-container\">\n\t\t\t\t\t\t\t<div class=\"elementor-spacer\">\n\t\t\t<div class=\"elementor-spacer-inner\"><\/div>\n\t\t<\/div>\n\t\t\t\t\t\t<\/div>\n\t\t\t\t<\/div>\n\t\t\t\t<\/div>\n\t\t\t\t\t<\/div>\n\t\t\t\t<\/div>\n\t\t\t\t<\/div>","protected":false},"excerpt":{"rendered":"<p>Let&#8217;s chat To learn more about how Fits Traffic can assist your organization, please fill out the form below. By sending the message, you agree to our Privacy policy. Edgars Starkis Fits Traffic Product Lead LinkedIn<\/p>","protected":false},"author":1,"featured_media":0,"parent":0,"menu_order":0,"comment_status":"closed","ping_status":"closed","template":"elementor_header_footer","meta":{"footnotes":""},"class_list":["post-568","page","type-page","status-publish","hentry"],"_links":{"self":[{"href":"https:\/\/fitstraffic.com\/de\/wp-json\/wp\/v2\/pages\/568","targetHints":{"allow":["GET"]}}],"collection":[{"href":"https:\/\/fitstraffic.com\/de\/wp-json\/wp\/v2\/pages"}],"about":[{"href":"https:\/\/fitstraffic.com\/de\/wp-json\/wp\/v2\/types\/page"}],"author":[{"embeddable":true,"href":"https:\/\/fitstraffic.com\/de\/wp-json\/wp\/v2\/users\/1"}],"replies":[{"embeddable":true,"href":"https:\/\/fitstraffic.com\/de\/wp-json\/wp\/v2\/comments?post=568"}],"version-history":[{"count":3,"href":"https:\/\/fitstraffic.com\/de\/wp-json\/wp\/v2\/pages\/568\/revisions"}],"predecessor-version":[{"id":2988,"href":"https:\/\/fitstraffic.com\/de\/wp-json\/wp\/v2\/pages\/568\/revisions\/2988"}],"wp:attachment":[{"href":"https:\/\/fitstraffic.com\/de\/wp-json\/wp\/v2\/media?parent=568"}],"curies":[{"name":"wp","href":"https:\/\/api.w.org\/{rel}","templated":true}]}}