{"id":70,"date":"2023-01-02T09:02:08","date_gmt":"2023-01-02T07:02:08","guid":{"rendered":"https:\/\/www.fitstraffic.com\/?page_id=70"},"modified":"2026-01-26T09:58:53","modified_gmt":"2026-01-26T07:58:53","slug":"privacy-policy","status":"publish","type":"page","link":"https:\/\/fitstraffic.com\/de\/privacy-policy\/","title":{"rendered":"Datenschutz-Bestimmungen"},"content":{"rendered":"<div data-elementor-type=\"wp-page\" data-elementor-id=\"70\" class=\"elementor elementor-70\" data-elementor-post-type=\"page\">\n\t\t\t\t<div class=\"elementor-element elementor-element-ddd4866 e-flex e-con-boxed e-con e-parent\" data-id=\"ddd4866\" data-element_type=\"container\" data-e-type=\"container\">\n\t\t\t\t\t<div class=\"e-con-inner\">\n\t\t\t\t<div class=\"elementor-element elementor-element-66ad996 elementor-widget elementor-widget-heading\" data-id=\"66ad996\" data-element_type=\"widget\" data-e-type=\"widget\" data-widget_type=\"heading.default\">\n\t\t\t\t<div class=\"elementor-widget-container\">\n\t\t\t\t\t<h2 class=\"elementor-heading-title elementor-size-default\">Datenschutz-Bestimmungen<\/h2>\t\t\t\t<\/div>\n\t\t\t\t<\/div>\n\t\t\t\t<div class=\"elementor-element elementor-element-a3593d7 elementor-widget elementor-widget-text-editor\" data-id=\"a3593d7\" data-element_type=\"widget\" data-e-type=\"widget\" data-widget_type=\"text-editor.default\">\n\t\t\t\t<div class=\"elementor-widget-container\">\n\t\t\t\t\t\t\t\t\t<p><span style=\"text-align: var(--text-align); background-color: var( --e-global-color-2d6d8d7 ); color: var( --e-global-color-secondary ); font-size: 1rem;\">Bei Fits Traffic verpflichten wir uns, die Privatsph\u00e4re unserer Besucher und Benutzer zu sch\u00fctzen. Wir wissen, wie wichtig es ist, die Privatsph\u00e4re und Sicherheit personenbezogener Daten zu wahren, und wir bem\u00fchen uns, alle Daten mit gr\u00f6\u00dfter Sorgfalt und Respekt zu behandeln.<\/span><\/p><p>Wir gebrauchen <a href=\"https:\/\/www.kokoanalytics.com\/\" target=\"_blank\" rel=\"nofollow noopener\">Koko Analytics<\/a> als unser Analysetool, um zu verstehen, wie unsere Website verwendet wird, und um die Benutzererfahrung zu verbessern. Koko Analytics verwendet keine externen Dienste und respektiert die Privatsph\u00e4re unserer Besucher. Alle von Koko Analytics gesammelten Daten werden auf unserer Website gespeichert und nicht an Dritte weitergegeben.<\/p><p>Koko Analytics verfolgt keine personenbezogenen Daten oder irgendetwas, das einen bestimmten Besucher identifizieren k\u00f6nnte. Wir haben die M\u00f6glichkeit, bestimmte Benutzerrollen vom Tracking auszuschlie\u00dfen, und wir haben auch die M\u00f6glichkeit, \u00e4ltere Daten automatisch zu l\u00f6schen.<\/p><p>Wir halten uns vollst\u00e4ndig an die Datenschutz-Grundverordnung (DSGVO) und unternehmen alle notwendigen Schritte, um sicherzustellen, dass alle Daten so behandelt werden, dass die Privatsph\u00e4re unserer Besucher respektiert wird.<\/p><p>Wenn Sie Fragen oder Bedenken zu unserer Datenschutzrichtlinie oder der Art und Weise haben, wie wir mit Daten umgehen, z\u00f6gern Sie bitte nicht, uns zu kontaktieren. Wir beantworten gerne Ihre Fragen und geben Ihnen weitere Informationen zu unserer Praxis.<\/p>\t\t\t\t\t\t\t\t<\/div>\n\t\t\t\t<\/div>\n\t\t\t\t\t<\/div>\n\t\t\t\t<\/div>\n\t\t\t\t<\/div>","protected":false},"excerpt":{"rendered":"<p>Privacy Policy At Fits Traffic, we are committed to protecting the privacy of our visitors and users. We understand the importance of maintaining the privacy and security of personal information, and we strive to handle all data with the highest level of care and respect. We use Koko Analytics as our analytics tool to help [&hellip;]<\/p>\n","protected":false},"author":1,"featured_media":0,"parent":0,"menu_order":0,"comment_status":"closed","ping_status":"closed","template":"elementor_theme","meta":{"footnotes":""},"class_list":["post-70","page","type-page","status-publish","hentry"],"_links":{"self":[{"href":"https:\/\/fitstraffic.com\/de\/wp-json\/wp\/v2\/pages\/70","targetHints":{"allow":["GET"]}}],"collection":[{"href":"https:\/\/fitstraffic.com\/de\/wp-json\/wp\/v2\/pages"}],"about":[{"href":"https:\/\/fitstraffic.com\/de\/wp-json\/wp\/v2\/types\/page"}],"author":[{"embeddable":true,"href":"https:\/\/fitstraffic.com\/de\/wp-json\/wp\/v2\/users\/1"}],"replies":[{"embeddable":true,"href":"https:\/\/fitstraffic.com\/de\/wp-json\/wp\/v2\/comments?post=70"}],"version-history":[{"count":6,"href":"https:\/\/fitstraffic.com\/de\/wp-json\/wp\/v2\/pages\/70\/revisions"}],"predecessor-version":[{"id":3252,"href":"https:\/\/fitstraffic.com\/de\/wp-json\/wp\/v2\/pages\/70\/revisions\/3252"}],"wp:attachment":[{"href":"https:\/\/fitstraffic.com\/de\/wp-json\/wp\/v2\/media?parent=70"}],"curies":[{"name":"wp","href":"https:\/\/api.w.org\/{rel}","templated":true}]}}